{"id":1562981,"date":"2023-04-12T15:42:30","date_gmt":"2023-04-12T14:42:30","guid":{"rendered":"https:\/\/strikemaker.com\/?post_type=product&#038;p=1562981"},"modified":"2026-04-15T23:12:04","modified_gmt":"2026-04-15T22:12:04","slug":"bumper-2","status":"publish","type":"product","link":"https:\/\/strikemaker.com\/it\/product\/bumper-2\/","title":{"rendered":"Bumper"},"content":{"rendered":"<p>Il BUMPER Strike Maker \u00e8 realizzato con un tubo di alluminio e nylon ad altissima resistenza. <br \/>E\u2019 inserito in una custodia di plastica.<br \/>Dopo l\u2019uso \u00e8 semplicissimo inserirlo nella custodia e richiuderla.<br \/>Pi\u00f9 facile e semplice di cos\u00ec \u00e8 assolutamente impossibile!!<br \/>Tutti i componenti del Bumper, custodia, manico della custodia ed anche il tubo, sono disponibili ed ordinabili individualmente comepezzi di ricambio.<\/p>\n","protected":false},"excerpt":{"rendered":"<p>Bumper<\/p>\n","protected":false},"featured_media":1558393,"comment_status":"closed","ping_status":"closed","template":"","meta":{"_acf_changed":false,"_et_pb_use_builder":"","_et_pb_old_content":"","_et_gb_content_width":""},"product_brand":[],"product_cat":[3244],"product_tag":[],"class_list":{"0":"post-1562981","1":"product","2":"type-product","3":"status-publish","4":"has-post-thumbnail","6":"product_cat-10-it","8":"first","9":"instock","10":"shipping-taxable","11":"product-type-simple"},"acf":[],"_links":{"self":[{"href":"https:\/\/strikemaker.com\/it\/wp-json\/wp\/v2\/product\/1562981","targetHints":{"allow":["GET"]}}],"collection":[{"href":"https:\/\/strikemaker.com\/it\/wp-json\/wp\/v2\/product"}],"about":[{"href":"https:\/\/strikemaker.com\/it\/wp-json\/wp\/v2\/types\/product"}],"replies":[{"embeddable":true,"href":"https:\/\/strikemaker.com\/it\/wp-json\/wp\/v2\/comments?post=1562981"}],"wp:featuredmedia":[{"embeddable":true,"href":"https:\/\/strikemaker.com\/it\/wp-json\/wp\/v2\/media\/1558393"}],"wp:attachment":[{"href":"https:\/\/strikemaker.com\/it\/wp-json\/wp\/v2\/media?parent=1562981"}],"wp:term":[{"taxonomy":"product_brand","embeddable":true,"href":"https:\/\/strikemaker.com\/it\/wp-json\/wp\/v2\/product_brand?post=1562981"},{"taxonomy":"product_cat","embeddable":true,"href":"https:\/\/strikemaker.com\/it\/wp-json\/wp\/v2\/product_cat?post=1562981"},{"taxonomy":"product_tag","embeddable":true,"href":"https:\/\/strikemaker.com\/it\/wp-json\/wp\/v2\/product_tag?post=1562981"}],"curies":[{"name":"wp","href":"https:\/\/api.w.org\/{rel}","templated":true}]}}