{"id":1563069,"date":"2023-04-12T15:42:45","date_gmt":"2023-04-12T14:42:45","guid":{"rendered":"https:\/\/strikemaker.com\/?post_type=product&#038;p=1563069"},"modified":"2026-04-04T17:54:54","modified_gmt":"2026-04-04T16:54:54","slug":"bumper-solo-tubo","status":"publish","type":"product","link":"https:\/\/strikemaker.com\/it\/product\/bumper-solo-tubo\/","title":{"rendered":"Bumper &#8211; solo tubo"},"content":{"rendered":"<p>Il BUMPER Strike Maker \u00e8 realizzato con un tubo di alluminio e nylon ad altissima resistenza. E\u2019 inserito in una custodia di plastica. Dopo l\u2019uso \u00e8 semplicissimo inserirlo nella custodiae richiuderlau000bPi\u00f9 facile e semplice di cos\u00ec \u00e8 assolutamente impossibile!!Tutti i componenti del Bumper, custodia, manico della custodia ed anche il tubo, sono disponibili ed ordinabili individualmente comepezzi di ricambio.<\/p>\n","protected":false},"excerpt":{"rendered":"<p>Bumper &#8211; solo tubo<\/p>\n","protected":false},"featured_media":0,"comment_status":"closed","ping_status":"closed","template":"","meta":{"_acf_changed":false,"_et_pb_use_builder":"","_et_pb_old_content":"","_et_gb_content_width":""},"product_brand":[],"product_cat":[3244],"product_tag":[],"class_list":{"0":"post-1563069","1":"product","2":"type-product","3":"status-publish","5":"product_cat-10-it","7":"first","8":"instock","9":"shipping-taxable","10":"product-type-simple"},"acf":[],"_links":{"self":[{"href":"https:\/\/strikemaker.com\/it\/wp-json\/wp\/v2\/product\/1563069","targetHints":{"allow":["GET"]}}],"collection":[{"href":"https:\/\/strikemaker.com\/it\/wp-json\/wp\/v2\/product"}],"about":[{"href":"https:\/\/strikemaker.com\/it\/wp-json\/wp\/v2\/types\/product"}],"replies":[{"embeddable":true,"href":"https:\/\/strikemaker.com\/it\/wp-json\/wp\/v2\/comments?post=1563069"}],"wp:attachment":[{"href":"https:\/\/strikemaker.com\/it\/wp-json\/wp\/v2\/media?parent=1563069"}],"wp:term":[{"taxonomy":"product_brand","embeddable":true,"href":"https:\/\/strikemaker.com\/it\/wp-json\/wp\/v2\/product_brand?post=1563069"},{"taxonomy":"product_cat","embeddable":true,"href":"https:\/\/strikemaker.com\/it\/wp-json\/wp\/v2\/product_cat?post=1563069"},{"taxonomy":"product_tag","embeddable":true,"href":"https:\/\/strikemaker.com\/it\/wp-json\/wp\/v2\/product_tag?post=1563069"}],"curies":[{"name":"wp","href":"https:\/\/api.w.org\/{rel}","templated":true}]}}